{"id":2828,"date":"2024-04-25T18:39:51","date_gmt":"2024-04-25T18:39:51","guid":{"rendered":"https:\/\/akrathoshouses.com\/?page_id=2828"},"modified":"2024-04-25T19:34:16","modified_gmt":"2024-04-25T19:34:16","slug":"agios-nikolaos","status":"publish","type":"page","link":"https:\/\/akrathoshouses.com\/de\/agios-nikolaos","title":{"rendered":"Agios Nikolaos"},"content":{"rendered":"<p><div class=\"fusion-fullwidth fullwidth-box fusion-builder-row-1 fusion-flex-container nonhundred-percent-fullwidth non-hundred-percent-height-scrolling\" style=\"--awb-border-radius-top-left:0px;--awb-border-radius-top-right:0px;--awb-border-radius-bottom-right:0px;--awb-border-radius-bottom-left:0px;--awb-flex-wrap:wrap;\" ><div class=\"fusion-builder-row fusion-row fusion-flex-align-items-flex-start fusion-flex-content-wrap\" style=\"max-width:1216.8px;margin-left: calc(-4% \/ 2 );margin-right: calc(-4% \/ 2 );\"><div class=\"fusion-layout-column fusion_builder_column fusion-builder-column-0 fusion_builder_column_1_2 1_2 fusion-flex-column\" style=\"--awb-bg-size:cover;--awb-width-large:50%;--awb-margin-top-large:0px;--awb-spacing-right-large:3.84%;--awb-margin-bottom-large:20px;--awb-spacing-left-large:3.84%;--awb-width-medium:100%;--awb-order-medium:0;--awb-spacing-right-medium:1.92%;--awb-spacing-left-medium:1.92%;--awb-width-small:100%;--awb-order-small:0;--awb-spacing-right-small:1.92%;--awb-spacing-left-small:1.92%;\"><div class=\"fusion-column-wrapper fusion-column-has-shadow fusion-flex-justify-content-flex-start fusion-content-layout-column\"><div class=\"fusion-title title fusion-title-1 fusion-sep-none fusion-title-center fusion-title-highlight fusion-loop-off fusion-highlight-underline fusion-title-size-one\" style=\"--awb-highlight-top-margin:20px;\" data-highlight=\"underline\"><h1 class=\"fusion-title-heading title-heading-center fusion-responsive-typography-calculated\" style=\"margin:0;--fontSize:46;line-height:1.09;\"><span class=\"fusion-highlighted-text-prefix\"><\/span> <span class=\"fusion-highlighted-text-wrapper\"><span class=\"fusion-highlighted-text\">Der Heilige Nikolaus von Sithonia<\/span><\/span> <span class=\"fusion-highlighted-text-postfix\"><\/span><\/h1><\/div><div class=\"fusion-separator fusion-full-width-sep\" style=\"align-self: center;margin-left: auto;margin-right: auto;width:100%;\"><\/div><div class=\"fusion-text fusion-text-1\"><p><strong>About Der Heilige Nikolaus von Sithonia<\/strong><br \/>Der Heilige Nikolaus in Sithonia, Chalkidiki, ist ein malerisches Bergdorf, das 115 km von Thessaloniki entfernt liegt. Es lohnt sich, den Heiligen Nikolaus f\u00fcr einen Nachmittagsspaziergang durch die engen, gepflasterten Gassen zu besuchen. In der weiteren Umgebung und in kurzer Entfernung befinden sich die Str\u00e4nde von Panagia Bay, Trani Ammouda und Saloniki Beach mit kristallklarem Wasser. <\/p>\n<\/div><\/div><\/div><div class=\"fusion-layout-column fusion_builder_column fusion-builder-column-1 fusion_builder_column_1_2 1_2 fusion-flex-column\" style=\"--awb-bg-size:cover;--awb-width-large:50%;--awb-margin-top-large:0px;--awb-spacing-right-large:3.84%;--awb-margin-bottom-large:20px;--awb-spacing-left-large:3.84%;--awb-width-medium:100%;--awb-order-medium:0;--awb-spacing-right-medium:1.92%;--awb-spacing-left-medium:1.92%;--awb-width-small:100%;--awb-order-small:0;--awb-spacing-right-small:1.92%;--awb-spacing-left-small:1.92%;\"><div class=\"fusion-column-wrapper fusion-column-has-shadow fusion-flex-justify-content-flex-start fusion-content-layout-column\"><div class=\"fusion-image-element \" style=\"--awb-caption-title-font-family:var(--h2_typography-font-family);--awb-caption-title-font-weight:var(--h2_typography-font-weight);--awb-caption-title-font-style:var(--h2_typography-font-style);--awb-caption-title-size:var(--h2_typography-font-size);--awb-caption-title-transform:var(--h2_typography-text-transform);--awb-caption-title-line-height:var(--h2_typography-line-height);--awb-caption-title-letter-spacing:var(--h2_typography-letter-spacing);\"><span class=\" fusion-imageframe imageframe-none imageframe-1 hover-type-none\"><img decoding=\"async\" width=\"1024\" height=\"768\" title=\"Halkidiki_Kassandra_Polichrono (20)\" src=\"http:\/\/akrathoshouses.com\/wp-content\/uploads\/2021\/02\/halkidiki_kassandra_polichrono-20-1024x768.jpg\" alt class=\"img-responsive wp-image-2208\" srcset=\"https:\/\/akrathoshouses.com\/wp-content\/uploads\/2021\/02\/halkidiki_kassandra_polichrono-20-200x150.jpg 200w, https:\/\/akrathoshouses.com\/wp-content\/uploads\/2021\/02\/halkidiki_kassandra_polichrono-20-400x300.jpg 400w, https:\/\/akrathoshouses.com\/wp-content\/uploads\/2021\/02\/halkidiki_kassandra_polichrono-20-600x450.jpg 600w, https:\/\/akrathoshouses.com\/wp-content\/uploads\/2021\/02\/halkidiki_kassandra_polichrono-20-800x600.jpg 800w, https:\/\/akrathoshouses.com\/wp-content\/uploads\/2021\/02\/halkidiki_kassandra_polichrono-20-1200x900.jpg 1200w, https:\/\/akrathoshouses.com\/wp-content\/uploads\/2021\/02\/halkidiki_kassandra_polichrono-20.jpg 1500w\" sizes=\"(max-width: 1024px) 100vw, (max-width: 640px) 100vw, 600px\" \/><\/span><\/div><\/div><\/div><\/div><\/div><div class=\"fusion-fullwidth fullwidth-box fusion-builder-row-2 fusion-flex-container nonhundred-percent-fullwidth non-hundred-percent-height-scrolling\" style=\"--awb-border-radius-top-left:0px;--awb-border-radius-top-right:0px;--awb-border-radius-bottom-right:0px;--awb-border-radius-bottom-left:0px;--awb-flex-wrap:wrap;\" ><div class=\"fusion-builder-row fusion-row fusion-flex-align-items-flex-start fusion-flex-content-wrap\" style=\"max-width:1216.8px;margin-left: calc(-4% \/ 2 );margin-right: calc(-4% \/ 2 );\"><div class=\"fusion-layout-column fusion_builder_column fusion-builder-column-2 fusion_builder_column_1_1 1_1 fusion-flex-column\" style=\"--awb-bg-size:cover;--awb-width-large:100%;--awb-margin-top-large:0px;--awb-spacing-right-large:1.92%;--awb-margin-bottom-large:20px;--awb-spacing-left-large:1.92%;--awb-width-medium:100%;--awb-order-medium:0;--awb-spacing-right-medium:1.92%;--awb-spacing-left-medium:1.92%;--awb-width-small:100%;--awb-order-small:0;--awb-spacing-right-small:1.92%;--awb-spacing-left-small:1.92%;\"><div class=\"fusion-column-wrapper fusion-column-has-shadow fusion-flex-justify-content-flex-start fusion-content-layout-column\"><div class=\"fusion-title title fusion-title-2 fusion-sep-none fusion-title-center fusion-title-highlight fusion-loop-off fusion-highlight-underline fusion-title-size-one\" data-highlight=\"underline\"><h1 class=\"fusion-title-heading title-heading-center fusion-responsive-typography-calculated\" style=\"margin:0;--fontSize:46;line-height:1.11;\"><span class=\"fusion-highlighted-text-prefix\"><\/span> <span class=\"fusion-highlighted-text-wrapper\"><span class=\"fusion-highlighted-text\">Entfernungen<\/span><\/span> <span class=\"fusion-highlighted-text-postfix\"><\/span><\/h1><\/div>\n<div class=\"table-2\">\n<table width=\"100%\">\n<thead>\n<tr>\n<th align=\"left\">Chalkidiki<\/th>\n<th align=\"left\">Einkaufsm\u00f6glichkeiten<\/th>\n<th align=\"left\">Verschiedene<\/th>\n<\/tr>\n<\/thead>\n<tbody>\n<tr>\n<td align=\"left\">Ormos Panagias 4,1 km<\/td>\n<td align=\"left\">Restaurants and Bars 160 m<\/td>\n<td align=\"left\">Thessaloniki 106 km<\/td>\n<\/tr>\n<tr>\n<td align=\"left\">Nikiti 8,7 km<\/td>\n<td align=\"left\">Supermarkt 160 m<\/td>\n<td align=\"left\">Boarders Evzonoi 184 km<\/td>\n<\/tr>\n<tr>\n<td align=\"left\">Vourvourou 13 km<\/td>\n<td align=\"left\">B\u00e4ckerei 160 m&nbsp;<\/td>\n<td align=\"left\">Eleftherios Venizelos Airport 634 km<\/td>\n<\/tr>\n<\/tbody>\n<\/table>\n<\/div>\n<div class=\"fusion-title title fusion-title-3 fusion-sep-none fusion-title-center fusion-title-highlight fusion-loop-off fusion-highlight-underline fusion-title-size-one\" data-highlight=\"underline\"><h1 class=\"fusion-title-heading title-heading-center fusion-responsive-typography-calculated\" style=\"margin:0;--fontSize:46;line-height:1.11;\"><span class=\"fusion-highlighted-text-prefix\"><\/span> <span class=\"fusion-highlighted-text-wrapper\"><span class=\"fusion-highlighted-text\">About Der Heilige Nikolaus von Sithonia<\/span><\/span> <span class=\"fusion-highlighted-text-postfix\"><\/span><\/h1><\/div><div class=\"fusion-text fusion-text-2\"><p>Ebenso in unmittelbarer N\u00e4he befinden sich Vourvourou und die Insel Diaporos mit ihren exotischen Str\u00e4nden. Die Einwohner von Agios Nikolaos sind bekannt f\u00fcr ihre Gastfreundschaft sowie f\u00fcr die Herstellung von gutem Wein, Tsipouro, Honig und Oliven\u00f6l. Auf dem Dorfplatz, der w\u00e4hrend der Sommermonate fast rund um die Uhr voller Leben ist, haben Sie die M\u00f6glichkeit, traditionelle mediterrane Gerichte und Rezepte zu probieren und sich selbst in die Magie des Festes einzulassen, die in ganz Chalkidiki herrscht.<\/p>\n<\/div><div class=\"fusion-text fusion-text-3\"><div\n        class=\"fat-gallery overflow-hidden col-padding-5 paging fat-gallery-move\"\n        id=\"fat-gallery-69d9a0823d977\">\n            <div\n            class=\"fat-gallery-wrapper fat-col-md-5 grid bg-light\"\n            data-section-id=\"69d9a0823d977\"\n            id=\"fat-gallery-container-69d9a0823d977\"\n            data-columns=\"5\" style=\"opacity: 0\"\n            data-hide-download=\"\"\n            data-hide-fullscreen=\"\"\n            data-hide-zoom=\"\"\n            data-hide-autoplay=\"\"\n            data-show-thumbnail=\"\"\n            data-hide-share=\"\"\n            data-hide-image-counter=\"\"\n    >\n                <div class=\"fat-gallery-item zoe location-agios-nikolaos  fat-light-gallery\" data-gallery=\"2839\" data-sub-html=\"#69d9a0824093d\" data-src=\"https:\/\/akrathoshouses.com\/wp-content\/uploads\/2024\/04\/Agios_NikolaosIMG2_0213-B.jpg\"  data-index=\"2\">\n            <div class=\"fat-thumbnail \" data-width=\"475\"\n     data-height=\"475\" data-lazy-src=\"https:\/\/akrathoshouses.com\/wp-content\/uploads\/2024\/04\/Agios_NikolaosIMG2_0213-B-475x475.jpg\"\n     data-alt=\"\u00c1gios_Nik\u00f3laos,IMG2_0213-B\"\n>\n    <a class=\"fat-image-clickable\" href=\"javascript:void(0)\"><\/a>\n            <img decoding=\"async\" width=\"475\" height=\"475\"\n             src=\"https:\/\/akrathoshouses.com\/wp-content\/uploads\/2024\/04\/Agios_NikolaosIMG2_0213-B-475x475.jpg\" alt=\"\u00c1gios_Nik\u00f3laos,IMG2_0213-B\" \/>\n\n        <div class=\"fat-thumbnail-hover\">\n        <div class=\"fat-hover-outer\">\n            <div class=\"fat-hover-inner line-height-1\">\n                <div class=\"fat-gallery-icon\" style=\"display: none\">\n                    <a href=\"https:\/\/akrathoshouses.com\/wp-content\/uploads\/2024\/04\/Agios_NikolaosIMG2_0213-B.jpg\" target=\"_blank\"  data-exthumbimage=\"https:\/\/akrathoshouses.com\/wp-content\/uploads\/2024\/04\/Agios_NikolaosIMG2_0213-B.jpg\"\n                       class=\"magnific-popup  mfp-image gallery-2838\"\n                       data-gallery=\"2838\"\n                       data-iframe = ''\n                       data-extra-title-link=\"\"\n                       data-excerpt = \"\"\n                       title=\"\u00c1gios_Nik\u00f3laos,IMG2_0213-B\">\n                        <i class=\"fa fa-search\"><\/i>\n                    <\/a>\n                <\/div>\n                \n                            <\/div>\n        <\/div>\n    <\/div>\n<\/div>            <div id=\"69d9a0824093d\" style=\"display: none\">\n                <div>\u00c1gios_Nik\u00f3laos,IMG2_0213-B<\/div>\n                <div><\/div>\n            <\/div>\n        <\/div>\n                <div class=\"fat-gallery-item zoe location-agios-nikolaos  fat-light-gallery\" data-gallery=\"2842\" data-sub-html=\"#69d9a08241194\" data-src=\"https:\/\/akrathoshouses.com\/wp-content\/uploads\/2024\/04\/Pirgos_Beach_Agios_Nikolaos_Chalkidiki_001.jpg\"  data-index=\"3\">\n            <div class=\"fat-thumbnail \" data-width=\"475\"\n     data-height=\"475\" data-lazy-src=\"https:\/\/akrathoshouses.com\/wp-content\/uploads\/2024\/04\/Pirgos_Beach_Agios_Nikolaos_Chalkidiki_001-475x475.jpg\"\n     data-alt=\"Pirgos_Beach_Agios_Nikolaos_Chalkidiki_001\"\n>\n    <a class=\"fat-image-clickable\" href=\"javascript:void(0)\"><\/a>\n            <img decoding=\"async\" width=\"475\" height=\"475\"\n             src=\"https:\/\/akrathoshouses.com\/wp-content\/uploads\/2024\/04\/Pirgos_Beach_Agios_Nikolaos_Chalkidiki_001-475x475.jpg\" alt=\"Pirgos_Beach_Agios_Nikolaos_Chalkidiki_001\" \/>\n\n        <div class=\"fat-thumbnail-hover\">\n        <div class=\"fat-hover-outer\">\n            <div class=\"fat-hover-inner line-height-1\">\n                <div class=\"fat-gallery-icon\" style=\"display: none\">\n                    <a href=\"https:\/\/akrathoshouses.com\/wp-content\/uploads\/2024\/04\/Pirgos_Beach_Agios_Nikolaos_Chalkidiki_001.jpg\" target=\"_blank\"  data-exthumbimage=\"https:\/\/akrathoshouses.com\/wp-content\/uploads\/2024\/04\/Pirgos_Beach_Agios_Nikolaos_Chalkidiki_001.jpg\"\n                       class=\"magnific-popup  mfp-image gallery-2838\"\n                       data-gallery=\"2838\"\n                       data-iframe = ''\n                       data-extra-title-link=\"\"\n                       data-excerpt = \"\"\n                       title=\"Pirgos_Beach_Agios_Nikolaos_Chalkidiki_001\">\n                        <i class=\"fa fa-search\"><\/i>\n                    <\/a>\n                <\/div>\n                \n                            <\/div>\n        <\/div>\n    <\/div>\n<\/div>            <div id=\"69d9a08241194\" style=\"display: none\">\n                <div>Pirgos_Beach_Agios_Nikolaos_Chalkidiki_001<\/div>\n                <div><\/div>\n            <\/div>\n        <\/div>\n                <div class=\"fat-gallery-item zoe location-agios-nikolaos  fat-light-gallery\" data-gallery=\"2845\" data-sub-html=\"#69d9a082414ef\" data-src=\"https:\/\/akrathoshouses.com\/wp-content\/uploads\/2024\/04\/IMG_2050.jpg\"  data-index=\"4\">\n            <div class=\"fat-thumbnail \" data-width=\"475\"\n     data-height=\"475\" data-lazy-src=\"https:\/\/akrathoshouses.com\/wp-content\/uploads\/2024\/04\/IMG_2050-475x475.jpg\"\n     data-alt=\"IMG_2050\"\n>\n    <a class=\"fat-image-clickable\" href=\"javascript:void(0)\"><\/a>\n            <img decoding=\"async\" width=\"475\" height=\"475\"\n             src=\"https:\/\/akrathoshouses.com\/wp-content\/uploads\/2024\/04\/IMG_2050-475x475.jpg\" alt=\"IMG_2050\" \/>\n\n        <div class=\"fat-thumbnail-hover\">\n        <div class=\"fat-hover-outer\">\n            <div class=\"fat-hover-inner line-height-1\">\n                <div class=\"fat-gallery-icon\" style=\"display: none\">\n                    <a href=\"https:\/\/akrathoshouses.com\/wp-content\/uploads\/2024\/04\/IMG_2050.jpg\" target=\"_blank\"  data-exthumbimage=\"https:\/\/akrathoshouses.com\/wp-content\/uploads\/2024\/04\/IMG_2050.jpg\"\n                       class=\"magnific-popup  mfp-image gallery-2838\"\n                       data-gallery=\"2838\"\n                       data-iframe = ''\n                       data-extra-title-link=\"\"\n                       data-excerpt = \"\"\n                       title=\"IMG_2050\">\n                        <i class=\"fa fa-search\"><\/i>\n                    <\/a>\n                <\/div>\n                \n                            <\/div>\n        <\/div>\n    <\/div>\n<\/div>            <div id=\"69d9a082414ef\" style=\"display: none\">\n                <div>IMG_2050<\/div>\n                <div><\/div>\n            <\/div>\n        <\/div>\n                <div class=\"fat-gallery-item zoe location-agios-nikolaos  fat-light-gallery\" data-gallery=\"2848\" data-sub-html=\"#69d9a08241706\" data-src=\"https:\/\/akrathoshouses.com\/wp-content\/uploads\/2024\/04\/2024-02-04.jpg\"  data-index=\"5\">\n            <div class=\"fat-thumbnail \" data-width=\"475\"\n     data-height=\"475\" data-lazy-src=\"https:\/\/akrathoshouses.com\/wp-content\/uploads\/2024\/04\/2024-02-04-475x475.jpg\"\n     data-alt=\"2024-02-04\"\n>\n    <a class=\"fat-image-clickable\" href=\"javascript:void(0)\"><\/a>\n            <img decoding=\"async\" width=\"475\" height=\"475\"\n             src=\"https:\/\/akrathoshouses.com\/wp-content\/uploads\/2024\/04\/2024-02-04-475x475.jpg\" alt=\"2024-02-04\" \/>\n\n        <div class=\"fat-thumbnail-hover\">\n        <div class=\"fat-hover-outer\">\n            <div class=\"fat-hover-inner line-height-1\">\n                <div class=\"fat-gallery-icon\" style=\"display: none\">\n                    <a href=\"https:\/\/akrathoshouses.com\/wp-content\/uploads\/2024\/04\/2024-02-04.jpg\" target=\"_blank\"  data-exthumbimage=\"https:\/\/akrathoshouses.com\/wp-content\/uploads\/2024\/04\/2024-02-04.jpg\"\n                       class=\"magnific-popup  mfp-image gallery-2838\"\n                       data-gallery=\"2838\"\n                       data-iframe = ''\n                       data-extra-title-link=\"\"\n                       data-excerpt = \"\"\n                       title=\"2024-02-04\">\n                        <i class=\"fa fa-search\"><\/i>\n                    <\/a>\n                <\/div>\n                \n                            <\/div>\n        <\/div>\n    <\/div>\n<\/div>            <div id=\"69d9a08241706\" style=\"display: none\">\n                <div>2024-02-04<\/div>\n                <div><\/div>\n            <\/div>\n        <\/div>\n                <div class=\"fat-gallery-item zoe location-agios-nikolaos  fat-light-gallery\" data-gallery=\"2851\" data-sub-html=\"#69d9a08241998\" data-src=\"https:\/\/akrathoshouses.com\/wp-content\/uploads\/2024\/04\/DSC07531.jpg\"  data-index=\"6\">\n            <div class=\"fat-thumbnail \" data-width=\"475\"\n     data-height=\"475\" data-lazy-src=\"https:\/\/akrathoshouses.com\/wp-content\/uploads\/2024\/04\/DSC07531-475x475.jpg\"\n     data-alt=\"DSC07531\"\n>\n    <a class=\"fat-image-clickable\" href=\"javascript:void(0)\"><\/a>\n            <img decoding=\"async\" width=\"475\" height=\"475\"\n             src=\"https:\/\/akrathoshouses.com\/wp-content\/uploads\/2024\/04\/DSC07531-475x475.jpg\" alt=\"DSC07531\" \/>\n\n        <div class=\"fat-thumbnail-hover\">\n        <div class=\"fat-hover-outer\">\n            <div class=\"fat-hover-inner line-height-1\">\n                <div class=\"fat-gallery-icon\" style=\"display: none\">\n                    <a href=\"https:\/\/akrathoshouses.com\/wp-content\/uploads\/2024\/04\/DSC07531.jpg\" target=\"_blank\"  data-exthumbimage=\"https:\/\/akrathoshouses.com\/wp-content\/uploads\/2024\/04\/DSC07531.jpg\"\n                       class=\"magnific-popup  mfp-image gallery-2838\"\n                       data-gallery=\"2838\"\n                       data-iframe = ''\n                       data-extra-title-link=\"\"\n                       data-excerpt = \"\"\n                       title=\"DSC07531\">\n                        <i class=\"fa fa-search\"><\/i>\n                    <\/a>\n                <\/div>\n                \n                            <\/div>\n        <\/div>\n    <\/div>\n<\/div>            <div id=\"69d9a08241998\" style=\"display: none\">\n                <div>DSC07531<\/div>\n                <div><\/div>\n            <\/div>\n        <\/div>\n                <div class=\"fat-gallery-item zoe location-agios-nikolaos  fat-light-gallery\" data-gallery=\"2854\" data-sub-html=\"#69d9a08241b26\" data-src=\"https:\/\/akrathoshouses.com\/wp-content\/uploads\/2024\/04\/Tower_ruins_Agios_Nikolaos_Chalkidiki_001.jpg\"  data-index=\"7\">\n            <div class=\"fat-thumbnail \" data-width=\"475\"\n     data-height=\"475\" data-lazy-src=\"https:\/\/akrathoshouses.com\/wp-content\/uploads\/2024\/04\/Tower_ruins_Agios_Nikolaos_Chalkidiki_001-475x475.jpg\"\n     data-alt=\"Tower_ruins_Agios_Nikolaos_Chalkidiki_001\"\n>\n    <a class=\"fat-image-clickable\" href=\"javascript:void(0)\"><\/a>\n            <img decoding=\"async\" width=\"475\" height=\"475\"\n             src=\"https:\/\/akrathoshouses.com\/wp-content\/uploads\/2024\/04\/Tower_ruins_Agios_Nikolaos_Chalkidiki_001-475x475.jpg\" alt=\"Tower_ruins_Agios_Nikolaos_Chalkidiki_001\" \/>\n\n        <div class=\"fat-thumbnail-hover\">\n        <div class=\"fat-hover-outer\">\n            <div class=\"fat-hover-inner line-height-1\">\n                <div class=\"fat-gallery-icon\" style=\"display: none\">\n                    <a href=\"https:\/\/akrathoshouses.com\/wp-content\/uploads\/2024\/04\/Tower_ruins_Agios_Nikolaos_Chalkidiki_001.jpg\" target=\"_blank\"  data-exthumbimage=\"https:\/\/akrathoshouses.com\/wp-content\/uploads\/2024\/04\/Tower_ruins_Agios_Nikolaos_Chalkidiki_001.jpg\"\n                       class=\"magnific-popup  mfp-image gallery-2838\"\n                       data-gallery=\"2838\"\n                       data-iframe = ''\n                       data-extra-title-link=\"\"\n                       data-excerpt = \"\"\n                       title=\"Tower_ruins_Agios_Nikolaos_Chalkidiki_001\">\n                        <i class=\"fa fa-search\"><\/i>\n                    <\/a>\n                <\/div>\n                \n                            <\/div>\n        <\/div>\n    <\/div>\n<\/div>            <div id=\"69d9a08241b26\" style=\"display: none\">\n                <div>Tower_ruins_Agios_Nikolaos_Chalkidiki_001<\/div>\n                <div><\/div>\n            <\/div>\n        <\/div>\n                <div class=\"fat-gallery-item zoe location-agios-nikolaos  fat-light-gallery\" data-gallery=\"2857\" data-sub-html=\"#69d9a08241caf\" data-src=\"https:\/\/akrathoshouses.com\/wp-content\/uploads\/2024\/04\/Agios_NikolaosIMG2_0215.jpg\"  data-index=\"8\">\n            <div class=\"fat-thumbnail \" data-width=\"475\"\n     data-height=\"475\" data-lazy-src=\"https:\/\/akrathoshouses.com\/wp-content\/uploads\/2024\/04\/Agios_NikolaosIMG2_0215-475x475.jpg\"\n     data-alt=\"\u00c1gios_Nik\u00f3laos,IMG2_0215\"\n>\n    <a class=\"fat-image-clickable\" href=\"javascript:void(0)\"><\/a>\n            <img decoding=\"async\" width=\"475\" height=\"475\"\n             src=\"https:\/\/akrathoshouses.com\/wp-content\/uploads\/2024\/04\/Agios_NikolaosIMG2_0215-475x475.jpg\" alt=\"\u00c1gios_Nik\u00f3laos,IMG2_0215\" \/>\n\n        <div class=\"fat-thumbnail-hover\">\n        <div class=\"fat-hover-outer\">\n            <div class=\"fat-hover-inner line-height-1\">\n                <div class=\"fat-gallery-icon\" style=\"display: none\">\n                    <a href=\"https:\/\/akrathoshouses.com\/wp-content\/uploads\/2024\/04\/Agios_NikolaosIMG2_0215.jpg\" target=\"_blank\"  data-exthumbimage=\"https:\/\/akrathoshouses.com\/wp-content\/uploads\/2024\/04\/Agios_NikolaosIMG2_0215.jpg\"\n                       class=\"magnific-popup  mfp-image gallery-2838\"\n                       data-gallery=\"2838\"\n                       data-iframe = ''\n                       data-extra-title-link=\"\"\n                       data-excerpt = \"\"\n                       title=\"\u00c1gios_Nik\u00f3laos,IMG2_0215\">\n                        <i class=\"fa fa-search\"><\/i>\n                    <\/a>\n                <\/div>\n                \n                            <\/div>\n        <\/div>\n    <\/div>\n<\/div>            <div id=\"69d9a08241caf\" style=\"display: none\">\n                <div>\u00c1gios_Nik\u00f3laos,IMG2_0215<\/div>\n                <div><\/div>\n            <\/div>\n        <\/div>\n                \n    <\/div>\n\n    \n<\/div>\n\n    <script type=\"text\/javascript\">\n        (function ($) {\n            \"use strict\";\n            $(document).ready(function () {\n                var $container = jQuery('#fat-gallery-container-69d9a0823d977');\n                jQuery('.fat-gallery-item.hover-dir > div.fat-thumbnail').hoverdir();\n\n\n                \n                FatGallery.init('https:\/\/akrathoshouses.com\/wp-admin\/admin-ajax.php', '69d9a0823d977', 'light-gallery', 'lg-fade');\n                                $container.css('opacity', '1');\n            })\n        })(jQuery);\n    <\/script>\n\n<\/div><div class=\"fusion-separator fusion-full-width-sep\" style=\"align-self: center;margin-left: auto;margin-right: auto;flex-grow:3;margin-top:5px;width:100%;\"><div class=\"fusion-separator-border sep-single sep-solid\" style=\"--awb-height:20px;--awb-amount:20px;border-color:#e0dede;border-top-width:2px;\"><\/div><\/div><iframe src=\"https:\/\/www.google.com\/maps\/d\/embed?mid=1rxizxwFq_MB7GP5w2GmDpBP1vl00jhA&ehbc=2E312F\" width=\"1200\" height=\"480\"><\/iframe><\/div><\/div><\/div><\/div><\/p>\n","protected":false},"excerpt":{"rendered":"","protected":false},"author":1,"featured_media":0,"parent":0,"menu_order":0,"comment_status":"closed","ping_status":"closed","template":"","meta":{"_acf_changed":false,"footnotes":""},"class_list":["post-2828","page","type-page","status-publish","hentry"],"acf":[],"_links":{"self":[{"href":"https:\/\/akrathoshouses.com\/de\/wp-json\/wp\/v2\/pages\/2828","targetHints":{"allow":["GET"]}}],"collection":[{"href":"https:\/\/akrathoshouses.com\/de\/wp-json\/wp\/v2\/pages"}],"about":[{"href":"https:\/\/akrathoshouses.com\/de\/wp-json\/wp\/v2\/types\/page"}],"author":[{"embeddable":true,"href":"https:\/\/akrathoshouses.com\/de\/wp-json\/wp\/v2\/users\/1"}],"replies":[{"embeddable":true,"href":"https:\/\/akrathoshouses.com\/de\/wp-json\/wp\/v2\/comments?post=2828"}],"version-history":[{"count":9,"href":"https:\/\/akrathoshouses.com\/de\/wp-json\/wp\/v2\/pages\/2828\/revisions"}],"predecessor-version":[{"id":2878,"href":"https:\/\/akrathoshouses.com\/de\/wp-json\/wp\/v2\/pages\/2828\/revisions\/2878"}],"wp:attachment":[{"href":"https:\/\/akrathoshouses.com\/de\/wp-json\/wp\/v2\/media?parent=2828"}],"curies":[{"name":"wp","href":"https:\/\/api.w.org\/{rel}","templated":true}]}}