{"id":2437,"date":"2021-02-13T16:34:49","date_gmt":"2021-02-13T16:34:49","guid":{"rendered":"https:\/\/www.akrathoshouses.com\/terms-and-conditions"},"modified":"2021-02-21T12:12:57","modified_gmt":"2021-02-21T12:12:57","slug":"terms-and-conditions","status":"publish","type":"page","link":"https:\/\/akrathoshouses.com\/de\/terms-and-conditions","title":{"rendered":"Konditionen und Bedingungen"},"content":{"rendered":"<div class=\"fusion-fullwidth fullwidth-box fusion-builder-row-1 fusion-flex-container nonhundred-percent-fullwidth non-hundred-percent-height-scrolling\" style=\"--awb-border-radius-top-left:0px;--awb-border-radius-top-right:0px;--awb-border-radius-bottom-right:0px;--awb-border-radius-bottom-left:0px;--awb-flex-wrap:wrap;\" ><div class=\"fusion-builder-row fusion-row fusion-flex-align-items-flex-start fusion-flex-content-wrap\" style=\"max-width:1216.8px;margin-left: calc(-4% \/ 2 );margin-right: calc(-4% \/ 2 );\"><div class=\"fusion-layout-column fusion_builder_column fusion-builder-column-0 fusion_builder_column_1_1 1_1 fusion-flex-column\" style=\"--awb-bg-size:cover;--awb-width-large:100%;--awb-margin-top-large:0px;--awb-spacing-right-large:1.92%;--awb-margin-bottom-large:0px;--awb-spacing-left-large:1.92%;--awb-width-medium:100%;--awb-spacing-right-medium:1.92%;--awb-spacing-left-medium:1.92%;--awb-width-small:100%;--awb-spacing-right-small:1.92%;--awb-spacing-left-small:1.92%;\"><div class=\"fusion-column-wrapper fusion-flex-justify-content-flex-start fusion-content-layout-column\"><div class=\"fusion-title title fusion-title-1 fusion-sep-none fusion-title-highlight fusion-loop-off fusion-highlight-underline fusion-title-size-one\" style=\"--awb-highlight-top-margin:5px;\" data-highlight=\"underline\"><h1 class=\"fusion-title-heading title-heading-left fusion-responsive-typography-calculated\" style=\"margin:0;--fontSize:46;line-height:1.11;\"><span class=\"fusion-highlighted-text-prefix\"><\/span> <span class=\"fusion-highlighted-text-wrapper\"><span class=\"fusion-highlighted-text\">Check in und Check out:<\/span><\/span> <span class=\"fusion-highlighted-text-postfix\"><\/span><\/h1><\/div><div class=\"fusion-text fusion-text-1\"><p>Check in findet von 14:00 bis 22:00 Uhr statt<br \/>\nCheck out ist von 08:00 bis 11:00<\/p>\n<p>F\u00fcr einen fr\u00fchen Check-out kontaktieren Sie uns bitte mindestens 2 Tage vorher. Es kann sein, dass es aufgrund der Verf\u00fcgbarkeit nicht m\u00f6glich ist, fr\u00fch einzuchecken.<\/p>\n<\/div><div class=\"fusion-title title fusion-title-2 fusion-sep-none fusion-title-highlight fusion-loop-off fusion-highlight-underline fusion-title-size-one\" style=\"--awb-highlight-top-margin:5px;\" data-highlight=\"underline\"><h1 class=\"fusion-title-heading title-heading-left fusion-responsive-typography-calculated\" style=\"margin:0;--fontSize:46;line-height:1.11;\"><span class=\"fusion-highlighted-text-prefix\"><\/span> <span class=\"fusion-highlighted-text-wrapper\"><span class=\"fusion-highlighted-text\">Zahlungsmethode:<\/span><\/span> <span class=\"fusion-highlighted-text-postfix\"><\/span><\/h1><\/div><div class=\"fusion-text fusion-text-2\"><p>Kreditkarte, Bargeld<\/p>\n<p>Siehe unsere Stornierungskosten<\/p>\n<p><a href=\"https:\/\/akrathoshouses.com\/de\/stornokosten\" target=\"_blank\" rel=\"noopener\">Cancellation Costs<\/a><\/p>\n<\/div><div class=\"fusion-title title fusion-title-3 fusion-sep-none fusion-title-highlight fusion-loop-off fusion-highlight-underline fusion-title-size-one\" style=\"--awb-highlight-top-margin:5px;\" data-highlight=\"underline\"><h1 class=\"fusion-title-heading title-heading-left fusion-responsive-typography-calculated\" style=\"margin:0;--fontSize:46;line-height:1.11;\"><span class=\"fusion-highlighted-text-prefix\"><\/span> <span class=\"fusion-highlighted-text-wrapper\"><span class=\"fusion-highlighted-text\">Schaden:<\/span><\/span> <span class=\"fusion-highlighted-text-postfix\"><\/span><\/h1><\/div><div class=\"fusion-text fusion-text-3\"><p>Sch\u00e4den, die w\u00e4hrend des Aufenthaltes entstehen: m\u00fcssen sofort dem Vermieter oder dem \u00f6rtlichen Service schriftlich gemeldet werden, eine Email ist ausreichend. Der Mieter ist f\u00fcr alle von ihm verursachten Sch\u00e4den in H\u00f6he der Wiederbeschaffungs-\/Reparaturkosten verantwortlich.<br \/>\nDer Mieter hat das Mietobjekt und die Einrichtungsgegenst\u00e4nde pfleglich zu behandeln. Sch\u00e4den sind dem Vermieter sofort zu melden. Der Mieter haftet f\u00fcr alle Sch\u00e4den, die durch ihn, mitgereiste Personen oder von ihm aufgenommene G\u00e4ste sowie Haustiere, denen er Zutritt zum Mietobjekt gew\u00e4hrt, verursacht werden, unabh\u00e4ngig vom eigenen Verschulden.<\/p>\n<\/div><div class=\"fusion-title title fusion-title-4 fusion-sep-none fusion-title-highlight fusion-loop-off fusion-highlight-underline fusion-title-size-one\" style=\"--awb-highlight-top-margin:5px;\" data-highlight=\"underline\"><h1 class=\"fusion-title-heading title-heading-left fusion-responsive-typography-calculated\" style=\"margin:0;--fontSize:46;line-height:1.11;\"><span class=\"fusion-highlighted-text-prefix\"><\/span> <span class=\"fusion-highlighted-text-wrapper\"><span class=\"fusion-highlighted-text\">Mitreisende:<\/span><\/span> <span class=\"fusion-highlighted-text-postfix\"><\/span><\/h1><\/div><div class=\"fusion-text fusion-text-4\"><p>Der Mieter darf die Unterkunft nur mit so vielen Personen oder mit den Haustieren nutzen, wie gebucht. Die Aufnahme weiterer Personen oder nicht gebuchter Haustiere ist ohne vorherige Zustimmung (Einwilligung) des Eigent\u00fcmers nicht gestattet. Der Vermieter beh\u00e4lt sich vor, in einem solchen Fall von seinem au\u00dferordentlichen K\u00fcndigungsrecht Gebrauch zu machen. Die Nutzung der Unterkunft ist auf den gebuchten Nutzungszeitraum zu Urlaubszwecken beschr\u00e4nkt.<\/p>\n<\/div><div class=\"fusion-title title fusion-title-5 fusion-sep-none fusion-title-highlight fusion-loop-off fusion-highlight-underline fusion-title-size-one\" style=\"--awb-highlight-top-margin:5px;\" data-highlight=\"underline\"><h1 class=\"fusion-title-heading title-heading-left fusion-responsive-typography-calculated\" style=\"margin:0;--fontSize:46;line-height:1.11;\"><span class=\"fusion-highlighted-text-prefix\"><\/span> <span class=\"fusion-highlighted-text-wrapper\"><span class=\"fusion-highlighted-text\">Generell:<\/span><\/span> <span class=\"fusion-highlighted-text-postfix\"><\/span><\/h1><\/div><div class=\"fusion-text fusion-text-5\"><p>-Unser Komplex ist einschlie\u00dflich privater Parkplatz f\u00fcr ein Auto f\u00fcr jede Wohnung. zwei Sonnenliegen und ein Sonnenschirm f\u00fcr jede Wohnung.<br \/>\n-Freier Reinigungsservice jede Woche auch wechselnde Bettw\u00e4sche und Handt\u00fccher alle drei Tage.<br \/>\n-Fr\u00fchst\u00fcck ist nicht im Preis enthalten. Es gibt zus\u00e4tzliche Kosten 15\u20ac pro Person f\u00fcr ein englisches Fr\u00fchst\u00fccksmen\u00fc an einer Poolbar 50 m von unserer Anlage entfernt.<br \/>\n-Ruhezeiten sollten von allen Besuchern respektiert werden.<\/p>\n<\/div><\/div><\/div><\/div><\/div>\n","protected":false},"excerpt":{"rendered":"","protected":false},"author":1,"featured_media":0,"parent":0,"menu_order":0,"comment_status":"closed","ping_status":"closed","template":"","meta":{"_acf_changed":false,"footnotes":""},"class_list":["post-2437","page","type-page","status-publish","hentry"],"acf":[],"_links":{"self":[{"href":"https:\/\/akrathoshouses.com\/de\/wp-json\/wp\/v2\/pages\/2437","targetHints":{"allow":["GET"]}}],"collection":[{"href":"https:\/\/akrathoshouses.com\/de\/wp-json\/wp\/v2\/pages"}],"about":[{"href":"https:\/\/akrathoshouses.com\/de\/wp-json\/wp\/v2\/types\/page"}],"author":[{"embeddable":true,"href":"https:\/\/akrathoshouses.com\/de\/wp-json\/wp\/v2\/users\/1"}],"replies":[{"embeddable":true,"href":"https:\/\/akrathoshouses.com\/de\/wp-json\/wp\/v2\/comments?post=2437"}],"version-history":[{"count":0,"href":"https:\/\/akrathoshouses.com\/de\/wp-json\/wp\/v2\/pages\/2437\/revisions"}],"wp:attachment":[{"href":"https:\/\/akrathoshouses.com\/de\/wp-json\/wp\/v2\/media?parent=2437"}],"curies":[{"name":"wp","href":"https:\/\/api.w.org\/{rel}","templated":true}]}}