{"id":2427,"date":"2021-02-12T19:46:23","date_gmt":"2021-02-12T19:46:23","guid":{"rendered":"https:\/\/www.akrathoshouses.com\/imprint"},"modified":"2021-02-21T11:56:04","modified_gmt":"2021-02-21T11:56:04","slug":"impressum","status":"publish","type":"page","link":"https:\/\/akrathoshouses.com\/de\/impressum","title":{"rendered":"Impressum"},"content":{"rendered":"<p><strong>Akrathos Houses<\/strong><br \/>\nIoannis Listis<br \/>\nPolychrono 63085, Pefkochori<br \/>\nGreece<br \/>\nVat ID: EL101271894<br \/>\nMHTE: 09.38.\u039a.12.3\u039a.05093.0.1<\/p>\n<p>Email:<a href=\"mailto:info@akrathoshouses.de\">info@akrathoshouses.de<\/a><br \/>\nPhone: +30 23740 51060<br \/>\nMob1: +30 6977 404494<br \/>\nMob2: +30 6973 026162<\/p>\n<h2>Haftungsausschluss<\/h2>\n<p>Trotz sorgf\u00e4ltiger Pr\u00fcfung k\u00f6nnen wir keine Haftung f\u00fcr die Inhalte externer Links \u00fcbernehmen. F\u00fcr den Inhalt diese Seiten sind ausschlie\u00dflich deren Betreiber verantwortlich.<\/p>\n<p><strong>Informationen zur Online-Streitbeilegungsplattform:<\/strong><\/p>\n<p><strong>Online-Streitbeilegung gem\u00e4\u00df Art. 14 Abs. 1 ODR-VO: Die Europ\u00e4ische Kommission stellt eine Plattform zur Online-Streitbeilegung (OS) bereit, die Sie unter\u00a0<\/strong><a href=\"http:\/\/ec.europa.eu\/consumers\/odr\/\"><strong>http:\/\/ec.europa.eu\/consumers\/odr\/<\/strong><\/a><strong>\u00a0finden.<\/strong><\/p>\n","protected":false},"excerpt":{"rendered":"<p>Akrathos Houses Ioannis Listis Polychrono 63085, Pefkochori Greece Vat ID: EL101271894 MHTE: 09.38.\u039a.12.3\u039a.05093.0.1 Email:info@akrathoshouses.de Phone: +30 23740 51060 Mob1: +30 6977 404494 Mob2: +30 6973 026162 Haftungsausschluss Trotz sorgf\u00e4ltiger Pr\u00fcfung k\u00f6nnen wir keine Haftung f\u00fcr die Inhalte externer Links \u00fcbernehmen. [&hellip;]<\/p>\n","protected":false},"author":1,"featured_media":0,"parent":0,"menu_order":0,"comment_status":"closed","ping_status":"closed","template":"","meta":{"_acf_changed":false,"footnotes":""},"class_list":["post-2427","page","type-page","status-publish","hentry"],"acf":[],"_links":{"self":[{"href":"https:\/\/akrathoshouses.com\/de\/wp-json\/wp\/v2\/pages\/2427","targetHints":{"allow":["GET"]}}],"collection":[{"href":"https:\/\/akrathoshouses.com\/de\/wp-json\/wp\/v2\/pages"}],"about":[{"href":"https:\/\/akrathoshouses.com\/de\/wp-json\/wp\/v2\/types\/page"}],"author":[{"embeddable":true,"href":"https:\/\/akrathoshouses.com\/de\/wp-json\/wp\/v2\/users\/1"}],"replies":[{"embeddable":true,"href":"https:\/\/akrathoshouses.com\/de\/wp-json\/wp\/v2\/comments?post=2427"}],"version-history":[{"count":0,"href":"https:\/\/akrathoshouses.com\/de\/wp-json\/wp\/v2\/pages\/2427\/revisions"}],"wp:attachment":[{"href":"https:\/\/akrathoshouses.com\/de\/wp-json\/wp\/v2\/media?parent=2427"}],"curies":[{"name":"wp","href":"https:\/\/api.w.org\/{rel}","templated":true}]}}