{"id":2421,"date":"2021-02-12T21:38:16","date_gmt":"2021-02-12T21:38:16","guid":{"rendered":"https:\/\/www.akrathoshouses.com\/halkidiki"},"modified":"2021-02-21T11:40:32","modified_gmt":"2021-02-21T11:40:32","slug":"chalkidiki","status":"publish","type":"page","link":"https:\/\/akrathoshouses.com\/de\/chalkidiki","title":{"rendered":"Chalkidiki"},"content":{"rendered":"<p><div class=\"fusion-fullwidth fullwidth-box fusion-builder-row-1 fusion-flex-container nonhundred-percent-fullwidth non-hundred-percent-height-scrolling\" style=\"--awb-border-radius-top-left:0px;--awb-border-radius-top-right:0px;--awb-border-radius-bottom-right:0px;--awb-border-radius-bottom-left:0px;--awb-flex-wrap:wrap;\" ><div class=\"fusion-builder-row fusion-row fusion-flex-align-items-flex-start fusion-flex-content-wrap\" style=\"max-width:1216.8px;margin-left: calc(-4% \/ 2 );margin-right: calc(-4% \/ 2 );\"><div class=\"fusion-layout-column fusion_builder_column fusion-builder-column-0 fusion_builder_column_1_2 1_2 fusion-flex-column\" style=\"--awb-bg-size:cover;--awb-width-large:50%;--awb-margin-top-large:0px;--awb-spacing-right-large:3.84%;--awb-margin-bottom-large:20px;--awb-spacing-left-large:3.84%;--awb-width-medium:100%;--awb-order-medium:0;--awb-spacing-right-medium:1.92%;--awb-spacing-left-medium:1.92%;--awb-width-small:100%;--awb-order-small:0;--awb-spacing-right-small:1.92%;--awb-spacing-left-small:1.92%;\"><div class=\"fusion-column-wrapper fusion-column-has-shadow fusion-flex-justify-content-flex-start fusion-content-layout-column\"><div class=\"fusion-title title fusion-title-1 fusion-sep-none fusion-title-center fusion-title-highlight fusion-loop-off fusion-highlight-underline fusion-title-size-one\" style=\"--awb-highlight-top-margin:20px;\" data-highlight=\"underline\"><h1 class=\"fusion-title-heading title-heading-center fusion-responsive-typography-calculated\" style=\"margin:0;--fontSize:46;line-height:1.09;\"><span class=\"fusion-highlighted-text-prefix\"><\/span> <span class=\"fusion-highlighted-text-wrapper\"><span class=\"fusion-highlighted-text\">Polychrono Kassandra Chalkidiki<\/span><\/span> <span class=\"fusion-highlighted-text-postfix\"><\/span><\/h1><\/div><div class=\"fusion-separator fusion-full-width-sep\" style=\"align-self: center;margin-left: auto;margin-right: auto;width:100%;\"><\/div><div class=\"fusion-text fusion-text-1\"><h2><strong>\u00dcber Kassandra Halkidiki<\/strong><\/h2>\n<p>Kassandra, die westliche Halbinsel, mit ihrer sanften, h\u00fcgeligen Landschaft mit \u00fcppiger Vegetation und herrlich weiten Sandstr\u00e4nden sowie einer gut ausgebauten touristischen Infrastruktur bietet viel Erholung und Vergn\u00fcgen f\u00fcr gro\u00dfe und kleine Urlauber.<br \/>\nTraumhaufte Chalkidiki-Str\u00e4nde bietet die Region rund um Kassandra. In Chalkidiki geh\u00f6rt der Sani Beach, der sich auf der westlichen Seite von Kassandra befindet, sicherlich zu den sch\u00f6nsten. Der n\u00e4chst gelegene Ort vom Sani Beach ist Polichrono und liegt nur f\u00fcnf Minuten vom Strand entfernt. Der feine und saubere Sand des von Pinien ums\u00e4umten Strandes und ein kristallklares Meer warten hier in Chalkidiki auf erholungsbed\u00fcrftige Badeg\u00e4ste<\/p>\n<\/div><\/div><\/div><div class=\"fusion-layout-column fusion_builder_column fusion-builder-column-1 fusion_builder_column_1_2 1_2 fusion-flex-column\" style=\"--awb-bg-size:cover;--awb-width-large:50%;--awb-margin-top-large:0px;--awb-spacing-right-large:3.84%;--awb-margin-bottom-large:20px;--awb-spacing-left-large:3.84%;--awb-width-medium:100%;--awb-order-medium:0;--awb-spacing-right-medium:1.92%;--awb-spacing-left-medium:1.92%;--awb-width-small:100%;--awb-order-small:0;--awb-spacing-right-small:1.92%;--awb-spacing-left-small:1.92%;\"><div class=\"fusion-column-wrapper fusion-column-has-shadow fusion-flex-justify-content-flex-start fusion-content-layout-column\"><div class=\"fusion-image-element \" style=\"--awb-caption-title-font-family:var(--h2_typography-font-family);--awb-caption-title-font-weight:var(--h2_typography-font-weight);--awb-caption-title-font-style:var(--h2_typography-font-style);--awb-caption-title-size:var(--h2_typography-font-size);--awb-caption-title-transform:var(--h2_typography-text-transform);--awb-caption-title-line-height:var(--h2_typography-line-height);--awb-caption-title-letter-spacing:var(--h2_typography-letter-spacing);\"><span class=\" fusion-imageframe imageframe-none imageframe-1 hover-type-none\"><img decoding=\"async\" width=\"1024\" height=\"768\" title=\"Halkidiki_Kassandra_Polichrono (20)\" src=\"http:\/\/akrathoshouses.com\/wp-content\/uploads\/2021\/02\/halkidiki_kassandra_polichrono-20-1024x768.jpg\" alt class=\"img-responsive wp-image-2208\" srcset=\"https:\/\/akrathoshouses.com\/wp-content\/uploads\/2021\/02\/halkidiki_kassandra_polichrono-20-200x150.jpg 200w, https:\/\/akrathoshouses.com\/wp-content\/uploads\/2021\/02\/halkidiki_kassandra_polichrono-20-400x300.jpg 400w, https:\/\/akrathoshouses.com\/wp-content\/uploads\/2021\/02\/halkidiki_kassandra_polichrono-20-600x450.jpg 600w, https:\/\/akrathoshouses.com\/wp-content\/uploads\/2021\/02\/halkidiki_kassandra_polichrono-20-800x600.jpg 800w, https:\/\/akrathoshouses.com\/wp-content\/uploads\/2021\/02\/halkidiki_kassandra_polichrono-20-1200x900.jpg 1200w, https:\/\/akrathoshouses.com\/wp-content\/uploads\/2021\/02\/halkidiki_kassandra_polichrono-20.jpg 1500w\" sizes=\"(max-width: 1024px) 100vw, (max-width: 640px) 100vw, 600px\" \/><\/span><\/div><\/div><\/div><\/div><\/div><div class=\"fusion-fullwidth fullwidth-box fusion-builder-row-2 fusion-flex-container nonhundred-percent-fullwidth non-hundred-percent-height-scrolling\" style=\"--awb-border-radius-top-left:0px;--awb-border-radius-top-right:0px;--awb-border-radius-bottom-right:0px;--awb-border-radius-bottom-left:0px;--awb-flex-wrap:wrap;\" ><div class=\"fusion-builder-row fusion-row fusion-flex-align-items-flex-start fusion-flex-content-wrap\" style=\"max-width:1216.8px;margin-left: calc(-4% \/ 2 );margin-right: calc(-4% \/ 2 );\"><div class=\"fusion-layout-column fusion_builder_column fusion-builder-column-2 fusion_builder_column_1_1 1_1 fusion-flex-column\" style=\"--awb-bg-size:cover;--awb-width-large:100%;--awb-margin-top-large:0px;--awb-spacing-right-large:1.92%;--awb-margin-bottom-large:20px;--awb-spacing-left-large:1.92%;--awb-width-medium:100%;--awb-order-medium:0;--awb-spacing-right-medium:1.92%;--awb-spacing-left-medium:1.92%;--awb-width-small:100%;--awb-order-small:0;--awb-spacing-right-small:1.92%;--awb-spacing-left-small:1.92%;\"><div class=\"fusion-column-wrapper fusion-column-has-shadow fusion-flex-justify-content-flex-start fusion-content-layout-column\"><div class=\"fusion-title title fusion-title-2 fusion-sep-none fusion-title-center fusion-title-highlight fusion-loop-off fusion-highlight-underline fusion-title-size-one\" data-highlight=\"underline\"><h1 class=\"fusion-title-heading title-heading-center fusion-responsive-typography-calculated\" style=\"margin:0;--fontSize:46;line-height:1.11;\"><span class=\"fusion-highlighted-text-prefix\"><\/span> <span class=\"fusion-highlighted-text-wrapper\"><span class=\"fusion-highlighted-text\">Entfernungen<\/span><\/span> <span class=\"fusion-highlighted-text-postfix\"><\/span><\/h1><\/div>\n<div class=\"table-2\">\n<table width=\"100%\">\n<thead>\n<tr>\n<th align=\"left\">Chalkidiki<\/th>\n<th align=\"left\">Einkaufsm\u00f6glichkeiten<\/th>\n<th align=\"left\">Verschiedene<\/th>\n<\/tr>\n<\/thead>\n<tbody>\n<tr>\n<td align=\"left\">Chaniotis 6 km<\/td>\n<td align=\"left\">Restaurants and Bars 1 km (Polichrono)<\/td>\n<td align=\"left\">Thessaloniki 98 km<\/td>\n<\/tr>\n<tr>\n<td align=\"left\">Pefkochori 9,5 km<\/td>\n<td align=\"left\">Supermarkt 1 km (Polichrono)<\/td>\n<td align=\"left\">Grenze Evzonoi 174 km<\/td>\n<\/tr>\n<tr>\n<td align=\"left\">Poseidi 18 km<\/td>\n<td align=\"left\">B\u00e4ckerei 0,6 km (Polichrono)<\/td>\n<td align=\"left\">Makedonia Flughafen 90 km<\/td>\n<\/tr>\n<\/tbody>\n<\/table>\n<\/div>\n<div class=\"fusion-title title fusion-title-3 fusion-sep-none fusion-title-center fusion-title-highlight fusion-loop-off fusion-highlight-underline fusion-title-size-one\" data-highlight=\"underline\"><h1 class=\"fusion-title-heading title-heading-center fusion-responsive-typography-calculated\" style=\"margin:0;--fontSize:46;line-height:1.11;\"><span class=\"fusion-highlighted-text-prefix\"><\/span> <span class=\"fusion-highlighted-text-wrapper\"><span class=\"fusion-highlighted-text\">\u00dcber Polichrono<\/span><\/span> <span class=\"fusion-highlighted-text-postfix\"><\/span><\/h1><\/div><div class=\"fusion-text fusion-text-2\"><p>Policrhono Chalkidiki liegt in der Region Kassandra Chalkidiki und ist besonders bekannt f\u00fcr den gro\u00dfen, idyllischen Strand und den reichhaltig, bunt bl\u00fchenden Bl\u00fcten. Die neuwertigen Akrathos Houses sind klein, fein und werden mit liebevoller Herzlichkeit famili\u00e4r gef\u00fchrt, sodass sich alle G\u00e4ste wie Zuhause f\u00fchlen. Zu finden sind hier insgesamt 9 Apartments inmitten von Kassandra Chalkidiki, genauer gesagt in Policrhono Chalkidiki. Obwohl es in dem Ort einige bunte Ferienh\u00e4user gibt, liegt Akrathos Houses in einer ruhigen Gegend, nur vier Minuten vom Zentrum des Dorfes entfernt, wo einige Bars und Restaurants bereitstehen. Direkt in den Ferienwohnungen von Akrathos Houses gibt es alles, was eine Familie ben\u00f6tigt, um einen komfortablen und erholsamen Urlaub in Chalkidiki zu erleben.<\/p>\n<p>Die h\u00fcbschen und neuwertigen Maisonetten befinden sich auf der Halbinsel Kassandra in Polychrono ca. 100 km von Thessaloniki entfernt. Das Zentrum des Ferienortes Polychrono ist ca. 900 m von der Anlage entfernt. Man erreicht die Anlage durch eine Anliegerstrasse oder \u00fcber die Hauptstrasse, wo sich auch der Eingang zum Parkplatz befindet.<br \/>\nEin reichliches Angebot an Einkaufs- und Unterhaltungsm\u00f6glichkeiten, Tavernen und Restaurants finden Sie in ca. 800 \u2013 1500 m in Polychrono. In einem Umkreis von 10 km das Angebot an Einkaufs- und Unterhaltungsm\u00f6glichkeiten ist sehr gro\u00df.<\/p>\n<\/div><div class=\"fusion-text fusion-text-3\"><div\n        class=\"fat-gallery overflow-hidden col-padding-5 paging fat-gallery-move\"\n        id=\"fat-gallery-69df24f8c010c\">\n            <div\n            class=\"fat-gallery-wrapper fat-col-md-5 grid bg-light\"\n            data-section-id=\"69df24f8c010c\"\n            id=\"fat-gallery-container-69df24f8c010c\"\n            data-columns=\"5\" style=\"opacity: 0\"\n            data-hide-download=\"\"\n            data-hide-fullscreen=\"\"\n            data-hide-zoom=\"\"\n            data-hide-autoplay=\"\"\n            data-show-thumbnail=\"\"\n            data-hide-share=\"\"\n            data-hide-image-counter=\"\"\n    >\n        \n    <\/div>\n\n    \n<\/div>\n\n    <script type=\"text\/javascript\">\n        (function ($) {\n            \"use strict\";\n            $(document).ready(function () {\n                var $container = jQuery('#fat-gallery-container-69df24f8c010c');\n                jQuery('.fat-gallery-item.hover-dir > div.fat-thumbnail').hoverdir();\n\n\n                \n                FatGallery.init('https:\/\/akrathoshouses.com\/wp-admin\/admin-ajax.php', '69df24f8c010c', 'light-gallery', 'lg-fade');\n                                $container.css('opacity', '1');\n            })\n        })(jQuery);\n    <\/script>\n\n<\/div><div class=\"fusion-separator fusion-full-width-sep\" style=\"align-self: center;margin-left: auto;margin-right: auto;flex-grow:3;margin-top:5px;width:100%;\"><div class=\"fusion-separator-border sep-single sep-solid\" style=\"--awb-height:20px;--awb-amount:20px;border-color:#e0dede;border-top-width:2px;\"><\/div><\/div><iframe src=\"https:\/\/www.google.com\/maps\/d\/embed?mid=17z9zTUqaX1eLhxE5xGBpDC1LU8w\" width=\"1200\" height=\"480\"><\/iframe><\/div><\/div><\/div><\/div><\/p>\n","protected":false},"excerpt":{"rendered":"","protected":false},"author":1,"featured_media":0,"parent":0,"menu_order":0,"comment_status":"closed","ping_status":"closed","template":"","meta":{"_acf_changed":false,"footnotes":""},"class_list":["post-2421","page","type-page","status-publish","hentry"],"acf":[],"_links":{"self":[{"href":"https:\/\/akrathoshouses.com\/de\/wp-json\/wp\/v2\/pages\/2421","targetHints":{"allow":["GET"]}}],"collection":[{"href":"https:\/\/akrathoshouses.com\/de\/wp-json\/wp\/v2\/pages"}],"about":[{"href":"https:\/\/akrathoshouses.com\/de\/wp-json\/wp\/v2\/types\/page"}],"author":[{"embeddable":true,"href":"https:\/\/akrathoshouses.com\/de\/wp-json\/wp\/v2\/users\/1"}],"replies":[{"embeddable":true,"href":"https:\/\/akrathoshouses.com\/de\/wp-json\/wp\/v2\/comments?post=2421"}],"version-history":[{"count":0,"href":"https:\/\/akrathoshouses.com\/de\/wp-json\/wp\/v2\/pages\/2421\/revisions"}],"wp:attachment":[{"href":"https:\/\/akrathoshouses.com\/de\/wp-json\/wp\/v2\/media?parent=2421"}],"curies":[{"name":"wp","href":"https:\/\/api.w.org\/{rel}","templated":true}]}}