{"id":2409,"date":"2021-02-12T19:45:58","date_gmt":"2021-02-12T19:45:58","guid":{"rendered":"https:\/\/www.akrathoshouses.com\/cancellation-costs"},"modified":"2021-02-21T11:30:23","modified_gmt":"2021-02-21T11:30:23","slug":"stornokosten","status":"publish","type":"page","link":"https:\/\/akrathoshouses.com\/de\/stornokosten","title":{"rendered":"Stornokosten"},"content":{"rendered":"<p><strong>Zahlungen:<\/strong><\/p>\n<p>Bei Buchung belasten wir Ihre Kreditkarte mit 30% des Betrages. Den Rest k\u00f6nnen Sie bei Ihrer Ankunft bezahlen. Bei Last-Minute-Buchungen wird Ihre Kreditkarte mit 100% des Betrages belastet.<\/p>\n<p>Ihre Anzahlung wird Ihnen in voller H\u00f6he abz\u00fcglich der Bankgeb\u00fchren zur\u00fcckerstattet. Wenn Sie nicht einverstanden sind, haben Sie 24 Stunden Zeit, Ihre Reservierung kostenlos zu stornieren. &#8220;<\/p>\n<p>Bei Reservierungen bis zu 1 Woche vor Anreise 100% des Gesamtpreises.<br \/>\nF\u00fcr Reservierungen mehr als 3 Wochen vor Anreise 30% des Gesamtpreises.<br \/>\nDer Rest des Preises muss bei Ihrer Ankunft bezahlt werden.<\/p>\n<p><strong>Stornierungen:<\/strong><br \/>\nF\u00fcr die Stornierungsrechte fragen Sie das Hotel nach der R\u00fccktrittserkl\u00e4rung (per E-Mail).<br \/>\nStornokosten:<\/p>\n<p>27 bis 21vTage vor Abreise 30% des gebuchten Preises<\/p>\n<p>20 bis 8 Tage vor Abreise 50% des gebuchten Preises<\/p>\n<p>8 Tage vor Abreise oder No Show 80% des gebuchten Preises<\/p>\n<p>&nbsp;<\/p>\n<p>&nbsp;<\/p>\n","protected":false},"excerpt":{"rendered":"<p>Zahlungen: Bei Buchung belasten wir Ihre Kreditkarte mit 30% des Betrages. Den Rest k\u00f6nnen Sie bei Ihrer Ankunft bezahlen. Bei Last-Minute-Buchungen wird Ihre Kreditkarte mit 100% des Betrages belastet. Ihre Anzahlung wird Ihnen in voller H\u00f6he abz\u00fcglich der Bankgeb\u00fchren zur\u00fcckerstattet. [&hellip;]<\/p>\n","protected":false},"author":1,"featured_media":0,"parent":0,"menu_order":0,"comment_status":"closed","ping_status":"closed","template":"","meta":{"_acf_changed":false,"footnotes":""},"class_list":["post-2409","page","type-page","status-publish","hentry"],"acf":[],"_links":{"self":[{"href":"https:\/\/akrathoshouses.com\/de\/wp-json\/wp\/v2\/pages\/2409","targetHints":{"allow":["GET"]}}],"collection":[{"href":"https:\/\/akrathoshouses.com\/de\/wp-json\/wp\/v2\/pages"}],"about":[{"href":"https:\/\/akrathoshouses.com\/de\/wp-json\/wp\/v2\/types\/page"}],"author":[{"embeddable":true,"href":"https:\/\/akrathoshouses.com\/de\/wp-json\/wp\/v2\/users\/1"}],"replies":[{"embeddable":true,"href":"https:\/\/akrathoshouses.com\/de\/wp-json\/wp\/v2\/comments?post=2409"}],"version-history":[{"count":0,"href":"https:\/\/akrathoshouses.com\/de\/wp-json\/wp\/v2\/pages\/2409\/revisions"}],"wp:attachment":[{"href":"https:\/\/akrathoshouses.com\/de\/wp-json\/wp\/v2\/media?parent=2409"}],"curies":[{"name":"wp","href":"https:\/\/api.w.org\/{rel}","templated":true}]}}