{"id":2400,"date":"2015-02-03T20:14:31","date_gmt":"2015-02-03T20:14:31","guid":{"rendered":"https:\/\/www.akrathoshouses.com\/activities"},"modified":"2021-02-21T12:06:44","modified_gmt":"2021-02-21T12:06:44","slug":"aktivitaeten-chalkidiki","status":"publish","type":"page","link":"https:\/\/akrathoshouses.com\/de\/aktivitaeten-chalkidiki","title":{"rendered":"Aktivit\u00e4ten"},"content":{"rendered":"<p><div class=\"fusion-fullwidth fullwidth-box fusion-builder-row-1 fusion-flex-container nonhundred-percent-fullwidth non-hundred-percent-height-scrolling\" style=\"--awb-background-position:left top;--awb-border-sizes-top:0px;--awb-border-sizes-bottom:0px;--awb-border-sizes-left:0px;--awb-border-sizes-right:0px;--awb-border-radius-top-left:0px;--awb-border-radius-top-right:0px;--awb-border-radius-bottom-right:0px;--awb-border-radius-bottom-left:0px;--awb-padding-top:20px;--awb-padding-bottom:140px;--awb-padding-top-medium:0px;--awb-padding-bottom-medium:100px;--awb-padding-top-small:0px;--awb-padding-bottom-small:80px;--awb-flex-wrap:wrap;\" ><div class=\"fusion-builder-row fusion-row fusion-flex-align-items-flex-start fusion-flex-content-wrap\" style=\"max-width:calc( 1170px + 0px );margin-left: calc(-0px \/ 2 );margin-right: calc(-0px \/ 2 );\"><div class=\"fusion-layout-column fusion_builder_column fusion-builder-column-0 fusion_builder_column_1_1 1_1 fusion-flex-column fusion-flex-align-self-flex-start fusion-column-no-min-height\" style=\"--awb-bg-size:cover;--awb-width-large:100%;--awb-margin-top-large:0px;--awb-spacing-right-large:0px;--awb-margin-bottom-large:0px;--awb-spacing-left-large:0px;--awb-width-medium:100%;--awb-spacing-right-medium:0px;--awb-spacing-left-medium:0px;--awb-width-small:100%;--awb-spacing-right-small:0px;--awb-spacing-left-small:0px;\"><div class=\"fusion-column-wrapper fusion-flex-justify-content-flex-start fusion-content-layout-column\"><div class=\"fusion-title title fusion-title-1 fusion-sep-none fusion-title-center fusion-title-highlight fusion-loop-off fusion-highlight-circle fusion-title-size-one\" data-highlight=\"circle\"><h1 class=\"fusion-title-heading title-heading-center fusion-responsive-typography-calculated\" style=\"margin:0;--fontSize:46;line-height:1.11;\"><span class=\"fusion-highlighted-text-prefix\"><\/span> <span class=\"fusion-highlighted-text-wrapper\"><span class=\"fusion-highlighted-text\">Fahrrad leihen!<\/span><\/span> <span class=\"fusion-highlighted-text-postfix\"><\/span><\/h1><\/div><div class=\"fusion-text fusion-text-1\"><p><strong>Akrathos H\u00e4user<\/strong> in Zusammenarbeit mit <strong>Action Bike Club<\/strong> bietet Besuchern die M\u00f6glichkeit, Fahrr\u00e4der zu g\u00fcnstigen Preisen zu mieten. Diese gro\u00dfartige Gelegenheit erm\u00f6glicht es Ihnen, das Beste aus Ihrem Aufenthalt zu machen, indem Sie die M\u00f6glichkeit haben, die drei traditionellen und malerischen D\u00f6rfer entlang der K\u00fcste von <strong>Chalkidiki<\/strong> zu besuchen:\u00a0Polichrono, Hanioti und Pefkohori.<\/p>\n<p>Mieten Sie unsere Fahrr\u00e4der und genie\u00dfen Sie die malerische Route, die die drei erstaunlichen Orte direkt am Wasser miteinander verbindet! Wochenmiete zu niedrigeren Preisen m\u00f6glich!<\/p>\n<\/div><a id=\"trekksoft_2714\" href=\"#\"><img decoding=\"async\" title=\"Fint Your Activity!\" src=\"https:\/\/blue-secret.trekksoft.com\/cache\/images\/widget-buttons\/eyJsYWJlbCI6Ilwvd2lkZ2V0XC9ib29rLWJ1dHRvbi5wbmciLCJjYXB0aW9uIjoiRmludCBZb3VyIEFjdGl2aXR5ISIsImZvcmVDb2xvciI6IiNmZmZmZmYiLCJiYWNrQ29sb3IiOiIjMDA0YTc0In0=.png\" alt=\"Fint Your Activity!\" border=\"0\" \/><\/a>\n\n<script src=\"https:\/\/blue-secret.trekksoft.com\/en\/api\/public\"><\/script>\n<script>\n    (function() {\n        var button = new TrekkSoft.Embed.Button();\n        button\n              .setAttrib(\"target\", \"fancy\")\n              .setAttrib(\"entryPoint\", \"tours\")\n              .setAttrib(\"referral\", \"Akrathos_House\")\n              .setAttrib(\"tourGroupId\", \"6555\")\n              .setAttrib(\"fancywidth\", \"615px\")\n              .registerOnClick(\"#trekksoft_2714\");\n    })();\n<\/script><\/div><\/div><\/div><\/div><div class=\"fusion-fullwidth fullwidth-box fusion-builder-row-2 fusion-flex-container nonhundred-percent-fullwidth non-hundred-percent-height-scrolling\" style=\"--awb-background-position:left top;--awb-border-sizes-top:0px;--awb-border-sizes-bottom:0px;--awb-border-sizes-left:0px;--awb-border-sizes-right:0px;--awb-border-radius-top-left:0px;--awb-border-radius-top-right:0px;--awb-border-radius-bottom-right:0px;--awb-border-radius-bottom-left:0px;--awb-padding-top:70px;--awb-padding-bottom:40px;--awb-flex-wrap:wrap;\" ><div class=\"fusion-builder-row fusion-row fusion-flex-align-items-flex-start fusion-flex-content-wrap\" style=\"max-width:calc( 1170px + 0px );margin-left: calc(-0px \/ 2 );margin-right: calc(-0px \/ 2 );\"><div class=\"fusion-layout-column fusion_builder_column fusion-builder-column-1 fusion_builder_column_1_1 1_1 fusion-flex-column fusion-flex-align-self-flex-start fusion-column-no-min-height\" style=\"--awb-bg-size:cover;--awb-width-large:100%;--awb-margin-top-large:0px;--awb-spacing-right-large:0px;--awb-margin-bottom-large:0px;--awb-spacing-left-large:0px;--awb-width-medium:100%;--awb-spacing-right-medium:0px;--awb-spacing-left-medium:0px;--awb-width-small:100%;--awb-spacing-right-small:0px;--awb-spacing-left-small:0px;\"><div class=\"fusion-column-wrapper fusion-flex-justify-content-flex-start fusion-content-layout-column\"><div class=\"fusion-flip-boxes flip-boxes row fusion-columns-3 flip-effect-classic\"><div class=\"fusion-flip-box-wrapper fusion-column col-lg-4 col-md-4 col-sm-4\"><div class=\"fusion-flip-box flip-right\" tabindex=\"0\"><div class=\"flip-box-inner-wrapper\"><div class=\"flip-box-front\" style=\"--awb-icon-color:#cbaa5c;--awb-border-size:1px;--awb-border-radius:4px;\"><div class=\"flip-box-front-inner\"><div class=\"flip-box-grafix flip-box-no-circle\"><i aria-hidden=\"true\" class=\"fa-map-marker-alt fas\"><\/i><\/div><h2 class=\"flip-box-heading\">Lage<\/h2>In der N\u00e4he des Meeres, beste Lage um Chalkidiki zu besuchen<\/div><\/div><div class=\"flip-box-back\" style=\"--awb-icon-color:#cbaa5c;--awb-border-size:1px;--awb-border-radius:4px;\"><div class=\"flip-box-back-inner\"><h3 class=\"flip-box-heading-back\">Unsere Lage<\/h3>\n<p>Polichrono Kassandra, Chalkidiki, Griechenland!<\/p>\n<\/div><\/div><\/div><\/div><\/div><div class=\"fusion-flip-box-wrapper fusion-column col-lg-4 col-md-4 col-sm-4\"><div class=\"fusion-flip-box flip-right\" tabindex=\"0\"><div class=\"flip-box-inner-wrapper\"><div class=\"flip-box-front\" style=\"--awb-icon-color:#cbaa5c;--awb-border-size:1px;--awb-border-radius:4px;\"><div class=\"flip-box-front-inner\"><div class=\"flip-box-grafix flip-box-no-circle\"><i aria-hidden=\"true\" class=\"fa-phone fas\"><\/i><\/div><h2 class=\"flip-box-heading\">Rufen Sie uns an<\/h2>Wir w\u00fcrden gerne mit Ihnen \u00fcber Ihren n\u00e4chsten Traumurlaub sprechen!<\/div><\/div><div class=\"flip-box-back\" style=\"--awb-icon-color:#cbaa5c;--awb-border-size:1px;--awb-border-radius:4px;\"><div class=\"flip-box-back-inner\"><h3 class=\"flip-box-heading-back\">Rufen Sie uns Heute an<\/h3>\n<p>Telefon: +30 23740 51060<br \/>\nMob1: +30 6977 404494<br \/>\nMob2: +30 6973 026162<\/p>\n<\/div><\/div><\/div><\/div><\/div><div class=\"fusion-flip-box-wrapper fusion-column col-lg-4 col-md-4 col-sm-4\"><div class=\"fusion-flip-box flip-right\" tabindex=\"0\"><div class=\"flip-box-inner-wrapper\"><div class=\"flip-box-front\" style=\"--awb-icon-color:#cbaa5c;--awb-border-size:1px;--awb-border-radius:4px;\"><div class=\"flip-box-front-inner\"><div class=\"flip-box-grafix flip-box-no-circle\"><i aria-hidden=\"true\" class=\"fa-envelope far\"><\/i><\/div><h2 class=\"flip-box-heading\">Senden Sie uns eine E-Mail<\/h2>Senden Sie uns eine E-Mail mit Ihren Urlaubsinformationen, Fragen und Details.<\/div><\/div><div class=\"flip-box-back\" style=\"--awb-icon-color:#cbaa5c;--awb-border-size:1px;--awb-border-radius:4px;\"><div class=\"flip-box-back-inner\"><h3 class=\"flip-box-heading-back\">Wir sind bereit!<\/h3>\n<p>E-mail:info@akrathoshouses.gr<\/p>\n<\/div><\/div><\/div><\/div><\/div><\/div><\/div><\/div><\/div><\/div><div class=\"fusion-bg-parallax\" data-bg-align=\"left top\" data-direction=\"up\" data-mute=\"false\" data-opacity=\"100\" data-velocity=\"-0.3\" data-mobile-enabled=\"false\" data-break_parents=\"0\" data-bg-image=\"http:\/\/akrathoshouses.com\/wp-content\/uploads\/2015\/04\/akrathos_halkidiki_polichrono-9-1024x575.jpg\" data-bg-repeat=\"false\" ><\/div><div class=\"fusion-fullwidth fullwidth-box fusion-builder-row-3 fusion-flex-container fusion-parallax-up nonhundred-percent-fullwidth non-hundred-percent-height-scrolling\" style=\"--awb-background-position:left top;--awb-border-sizes-top:0px;--awb-border-sizes-bottom:0px;--awb-border-sizes-left:0px;--awb-border-sizes-right:0px;--awb-border-radius-top-left:0px;--awb-border-radius-top-right:0px;--awb-border-radius-bottom-right:0px;--awb-border-radius-bottom-left:0px;--awb-padding-top:100px;--awb-padding-bottom:100px;--awb-padding-top-small:70px;--awb-padding-bottom-small:40px;--awb-background-image:url(&quot;http:\/\/akrathoshouses.com\/wp-content\/uploads\/2015\/04\/akrathos_halkidiki_polichrono-9-1024x575.jpg&quot;);--awb-background-size:cover;--awb-flex-wrap:wrap;\" ><div class=\"fusion-builder-row fusion-row fusion-flex-align-items-flex-start fusion-flex-content-wrap\" style=\"max-width:1216.8px;margin-left: calc(-4% \/ 2 );margin-right: calc(-4% \/ 2 );\"><div class=\"fusion-layout-column fusion_builder_column fusion-builder-column-2 fusion_builder_column_1_6 1_6 fusion-flex-column fusion-no-small-visibility\" style=\"--awb-padding-top:10%;--awb-padding-right:10%;--awb-padding-bottom:10%;--awb-padding-left:10%;--awb-bg-size:cover;--awb-width-large:16.666666666667%;--awb-margin-top-large:0px;--awb-spacing-right-large:11.52%;--awb-margin-bottom-large:20px;--awb-spacing-left-large:11.52%;--awb-width-medium:16.666666666667%;--awb-spacing-right-medium:11.52%;--awb-spacing-left-medium:11.52%;--awb-width-small:100%;--awb-spacing-right-small:1.92%;--awb-spacing-left-small:1.92%;\"><div class=\"fusion-column-wrapper fusion-flex-justify-content-flex-start fusion-content-layout-column\"><\/div><\/div><div class=\"fusion-layout-column fusion_builder_column fusion-builder-column-3 fusion_builder_column_2_3 2_3 fusion-flex-column\" style=\"--awb-padding-top:5%;--awb-padding-right:5%;--awb-padding-bottom:5%;--awb-padding-left:5%;--awb-bg-color:rgba(255,255,255,.7);--awb-bg-color-hover:rgba(255,255,255,.7);--awb-bg-size:cover;--awb-width-large:66.666666666667%;--awb-margin-top-large:0px;--awb-spacing-right-large:2.88%;--awb-margin-bottom-large:20px;--awb-spacing-left-large:2.88%;--awb-width-medium:66.666666666667%;--awb-spacing-right-medium:2.88%;--awb-spacing-left-medium:2.88%;--awb-width-small:100%;--awb-spacing-right-small:1.92%;--awb-spacing-left-small:1.92%;\"><div class=\"fusion-column-wrapper fusion-flex-justify-content-flex-start fusion-content-layout-column\"><div class=\"fusion-title title fusion-title-2 fusion-title-center fusion-title-text fusion-title-size-two\" style=\"--awb-margin-bottom:0px;--awb-margin-bottom-small:0px;--awb-font-size:13px;\"><div class=\"title-sep-container title-sep-container-left\"><div class=\"title-sep sep- sep-solid\" style=\"border-color:#e0dede;\"><\/div><\/div><span class=\"awb-title-spacer\"><\/span><h2 class=\"fusion-title-heading title-heading-center fusion-responsive-typography-calculated\" style=\"font-family:&quot;Questrial&quot;;font-style:normal;font-weight:400;margin:0;font-size:1em;letter-spacing:4px;--fontSize:13;--minFontSize:13;line-height:1.69;\">RUFEN SIE UNS HEUTE AN<\/h2><span class=\"awb-title-spacer\"><\/span><div class=\"title-sep-container title-sep-container-right\"><div class=\"title-sep sep- sep-solid\" style=\"border-color:#e0dede;\"><\/div><\/div><\/div><div class=\"fusion-title title fusion-title-3 fusion-title-center fusion-title-text fusion-title-size-three\" style=\"--awb-margin-bottom:15px;--awb-margin-bottom-small:15px;--awb-font-size:46px;\"><div class=\"title-sep-container title-sep-container-left\"><div class=\"title-sep sep- sep-solid\" style=\"border-color:#e0dede;\"><\/div><\/div><span class=\"awb-title-spacer\"><\/span><h3 class=\"fusion-title-heading title-heading-center fusion-responsive-typography-calculated\" style=\"margin:0;font-size:1em;--fontSize:46;line-height:1.67;\">Buchen Sie Ihren n\u00e4chsten Urlaub!<\/h3><span class=\"awb-title-spacer\"><\/span><div class=\"title-sep-container title-sep-container-right\"><div class=\"title-sep sep- sep-solid\" style=\"border-color:#e0dede;\"><\/div><\/div><\/div><div class=\"fusion-separator\" style=\"align-self: center;margin-left: auto;margin-right: auto;margin-top:0px;margin-bottom:20px;width:100%;max-width:50px;\"><div class=\"fusion-separator-border sep-single sep-solid\" style=\"--awb-height:20px;--awb-amount:20px;--awb-sep-color:#cbaa5c;border-color:#cbaa5c;border-top-width:1px;\"><\/div><\/div><div class=\"fusion-separator fusion-full-width-sep\" style=\"align-self: center;margin-left: auto;margin-right: auto;margin-top:12px;width:100%;\"><\/div><div style=\"text-align:center;\"><a class=\"fusion-button button-flat fusion-button-default-size button-default fusion-button-default button-1 fusion-button-default-span \" style=\"--button-border-radius-top-left:0;--button-border-radius-top-right:0;--button-border-radius-bottom-right:0;--button-border-radius-bottom-left:0;\" target=\"_blank\" rel=\"noopener noreferrer\" href=\"https:\/\/www.traveldataservice.de\/booking2.php?propid=106734\"><span class=\"fusion-button-text\">JETZT BUCHEN<\/span><\/a><\/div><\/div><\/div><div class=\"fusion-layout-column fusion_builder_column fusion-builder-column-4 fusion_builder_column_1_6 1_6 fusion-flex-column fusion-no-small-visibility\" style=\"--awb-padding-top:10%;--awb-padding-right:10%;--awb-padding-bottom:10%;--awb-padding-left:10%;--awb-bg-size:cover;--awb-width-large:16.666666666667%;--awb-margin-top-large:0px;--awb-spacing-right-large:11.52%;--awb-margin-bottom-large:20px;--awb-spacing-left-large:11.52%;--awb-width-medium:16.666666666667%;--awb-spacing-right-medium:11.52%;--awb-spacing-left-medium:11.52%;--awb-width-small:100%;--awb-spacing-right-small:1.92%;--awb-spacing-left-small:1.92%;\"><div class=\"fusion-column-wrapper fusion-flex-justify-content-flex-start fusion-content-layout-column\"><\/div><\/div><\/div><\/div><\/p>\n","protected":false},"excerpt":{"rendered":"","protected":false},"author":1,"featured_media":0,"parent":0,"menu_order":0,"comment_status":"open","ping_status":"open","template":"100-width.php","meta":{"_acf_changed":false,"footnotes":""},"class_list":["post-2400","page","type-page","status-publish","hentry"],"acf":[],"_links":{"self":[{"href":"https:\/\/akrathoshouses.com\/de\/wp-json\/wp\/v2\/pages\/2400","targetHints":{"allow":["GET"]}}],"collection":[{"href":"https:\/\/akrathoshouses.com\/de\/wp-json\/wp\/v2\/pages"}],"about":[{"href":"https:\/\/akrathoshouses.com\/de\/wp-json\/wp\/v2\/types\/page"}],"author":[{"embeddable":true,"href":"https:\/\/akrathoshouses.com\/de\/wp-json\/wp\/v2\/users\/1"}],"replies":[{"embeddable":true,"href":"https:\/\/akrathoshouses.com\/de\/wp-json\/wp\/v2\/comments?post=2400"}],"version-history":[{"count":0,"href":"https:\/\/akrathoshouses.com\/de\/wp-json\/wp\/v2\/pages\/2400\/revisions"}],"wp:attachment":[{"href":"https:\/\/akrathoshouses.com\/de\/wp-json\/wp\/v2\/media?parent=2400"}],"curies":[{"name":"wp","href":"https:\/\/api.w.org\/{rel}","templated":true}]}}